{"id":1466,"date":"2023-08-31T14:12:08","date_gmt":"2023-08-31T14:12:08","guid":{"rendered":"https:\/\/virtuopatrimoine.fr\/kontakt\/"},"modified":"2023-11-08T09:23:53","modified_gmt":"2023-11-08T09:23:53","slug":"kontakt","status":"publish","type":"page","link":"https:\/\/virtuopatrimoine.fr\/de\/kontakt\/","title":{"rendered":"Kontakt"},"content":{"rendered":"<p>[et_pb_section fb_built=&#8220;1&#8243; admin_label=&#8220;Contact&#8220; _builder_version=&#8220;4.22.2&#8243; _module_preset=&#8220;default&#8220; background_color=&#8220;#0a0a0a&#8220; global_colors_info=&#8220;{}&#8220;][et_pb_row _builder_version=&#8220;4.16&#8243; _module_preset=&#8220;default&#8220; global_colors_info=&#8220;{}&#8220;][et_pb_column type=&#8220;4_4&#8243; _builder_version=&#8220;4.16&#8243; _module_preset=&#8220;default&#8220; global_colors_info=&#8220;{}&#8220;][et_pb_text _builder_version=&#8220;4.23&#8243; _module_preset=&#8220;e598b17a-9229-42f6-b238-019d6094332e&#8220; header_font=&#8220;Jost|700|||||||&#8220; header_text_color=&#8220;#FFFFFF&#8220; header_font_size=&#8220;80px&#8220; header_line_height=&#8220;1.1em&#8220; header_font_size_tablet=&#8220;40px&#8220; header_font_size_phone=&#8220;24px&#8220; header_font_size_last_edited=&#8220;on|desktop&#8220; global_colors_info=&#8220;{}&#8220;]<\/p>\n<h1 style=\"text-align: center;\">Kontaktieren Sie uns<\/h1>\n<p>[\/et_pb_text][\/et_pb_column][\/et_pb_row][et_pb_row column_structure=&#8220;1_2,1_2&#8243; make_equal=&#8220;on&#8220; _builder_version=&#8220;4.23&#8243; _module_preset=&#8220;default&#8220; locked=&#8220;off&#8220; global_colors_info=&#8220;{}&#8220;][et_pb_column type=&#8220;1_2&#8243; _builder_version=&#8220;4.16&#8243; _module_preset=&#8220;default&#8220; global_colors_info=&#8220;{}&#8220;][et_pb_image src=&#8220;https:\/\/virtuopatrimoine.fr\/wp-content\/uploads\/2023\/09\/Alexandre_Harmuth0814_formatweb-1-jpg-e1696924461163.webp&#8220; title_text=&#8220;Alexandre_Harmuth0814_formatweb&#8220; align=&#8220;center&#8220; _builder_version=&#8220;4.22.2&#8243; _module_preset=&#8220;default&#8220; width=&#8220;300px&#8220; module_alignment=&#8220;right&#8220; border_radii=&#8220;on|500px|500px|500px|500px&#8220; global_colors_info=&#8220;{}&#8220;][\/et_pb_image][\/et_pb_column][et_pb_column type=&#8220;1_2&#8243; _builder_version=&#8220;4.23&#8243; _module_preset=&#8220;default&#8220; global_colors_info=&#8220;{}&#8220;][et_pb_text _builder_version=&#8220;4.23&#8243; _module_preset=&#8220;0f6ca48e-9021-499e-a9c4-30956e43242f&#8220; text_font_size=&#8220;15px&#8220; header_5_font=&#8220;Inter|500|||||||&#8220; header_5_text_color=&#8220;#FFFFFF&#8220; header_5_font_size=&#8220;28px&#8220; text_orientation=&#8220;center&#8220; custom_margin=&#8220;||0px||false|false&#8220; global_colors_info=&#8220;{}&#8220;]<\/p>\n<h5 style=\"text-align: left;\">Alexandre Harmuth<\/h5>\n<p>[\/et_pb_text][et_pb_text _builder_version=&#8220;4.23&#8243; _module_preset=&#8220;c5799159-83c2-4a93-9462-0499f3b6206e&#8220; text_font=&#8220;Inter||||||||&#8220; text_text_color=&#8220;#FFFFFF&#8220; text_font_size=&#8220;15px&#8220; text_orientation=&#8220;center&#8220; global_colors_info=&#8220;{}&#8220;]<\/p>\n<p style=\"text-align: left;\">Berater f\u00fcr Verm\u00f6gensverwaltung<\/p>\n<p class=\"has-text-align-center has-white-color has-text-color\" style=\"text-align: left;\">06 64 83 25 00<br \/>Auf Termin beim 2 rue Concorde in Saint-Louis 68300<\/p>\n<p>[\/et_pb_text][et_pb_button button_url=&#8220;https:\/\/calendly.com\/alexandre-harmuth&#8220; button_text=&#8220;Online Termin vereinbaren&#8220; button_alignment=&#8220;left&#8220; _builder_version=&#8220;4.23&#8243; _module_preset=&#8220;default&#8220; custom_button=&#8220;on&#8220; button_text_size=&#8220;17px&#8220; button_text_color=&#8220;#FFFFFF&#8220; button_bg_color=&#8220;#c7b361&#8243; button_border_width=&#8220;0px&#8220; button_font=&#8220;Inter||||||||&#8220; button_use_icon=&#8220;off&#8220; global_colors_info=&#8220;{}&#8220;][\/et_pb_button][\/et_pb_column][\/et_pb_row][et_pb_row _builder_version=&#8220;4.22.2&#8243; _module_preset=&#8220;default&#8220; global_colors_info=&#8220;{}&#8220;][et_pb_column type=&#8220;4_4&#8243; _builder_version=&#8220;4.22.2&#8243; _module_preset=&#8220;default&#8220; global_colors_info=&#8220;{}&#8220;][et_pb_contact_form captcha=&#8220;off&#8220; email=&#8220;c.kopff@efco.fr&#8220; success_message=&#8220;Vielen Dank f\u00fcr Ihre Nachricht.&#8220; _builder_version=&#8220;4.22.2&#8243; _module_preset=&#8220;acc3c2e0-99d7-442e-ab21-a6c090694bb5&#8243; _unique_id=&#8220;a198cf51-7792-4f65-bd01-ddb746889587&#8243; form_field_background_color=&#8220;#f6f6f6&#8243; form_field_text_color=&#8220;#000000&#8243; form_field_font=&#8220;|700||on|||||&#8220; form_field_font_size=&#8220;12px&#8220; form_field_letter_spacing=&#8220;0.2em&#8220; custom_button=&#8220;on&#8220; button_text_size=&#8220;14px&#8220; button_text_color=&#8220;#ffffff&#8220; button_bg_color=&#8220;#c7b361&#8243; button_border_width=&#8220;0px&#8220; button_border_radius=&#8220;10px&#8220; button_letter_spacing=&#8220;0.2em&#8220; button_font=&#8220;|700||on|||||&#8220; button_custom_margin=&#8220;10px||||false|false&#8220; button_custom_padding=&#8220;15px|30px|15px|30px|true|true&#8220; border_radii=&#8220;on|10px|10px|10px|10px&#8220; locked=&#8220;off&#8220; global_colors_info=&#8220;{}&#8220;][et_pb_contact_field field_id=&#8220;Nom&#8220; field_title=&#8220;Name&#8220; allowed_symbols=&#8220;letters&#8220; fullwidth_field=&#8220;on&#8220; _builder_version=&#8220;4.22.2&#8243; _module_preset=&#8220;default&#8220; global_colors_info=&#8220;{}&#8220; button_text_size__hover_enabled=&#8220;off&#8220; button_one_text_size__hover_enabled=&#8220;off&#8220; button_two_text_size__hover_enabled=&#8220;off&#8220; button_text_color__hover_enabled=&#8220;off&#8220; button_one_text_color__hover_enabled=&#8220;off&#8220; button_two_text_color__hover_enabled=&#8220;off&#8220; button_border_width__hover_enabled=&#8220;off&#8220; button_one_border_width__hover_enabled=&#8220;off&#8220; button_two_border_width__hover_enabled=&#8220;off&#8220; button_border_color__hover_enabled=&#8220;off&#8220; button_one_border_color__hover_enabled=&#8220;off&#8220; button_two_border_color__hover_enabled=&#8220;off&#8220; button_border_radius__hover_enabled=&#8220;off&#8220; button_one_border_radius__hover_enabled=&#8220;off&#8220; button_two_border_radius__hover_enabled=&#8220;off&#8220; button_letter_spacing__hover_enabled=&#8220;off&#8220; button_one_letter_spacing__hover_enabled=&#8220;off&#8220; button_two_letter_spacing__hover_enabled=&#8220;off&#8220; button_bg_color__hover_enabled=&#8220;off&#8220; button_one_bg_color__hover_enabled=&#8220;off&#8220; button_two_bg_color__hover_enabled=&#8220;off&#8220;][\/et_pb_contact_field][et_pb_contact_field field_id=&#8220;Email&#8220; field_title=&#8220;E-Mail-Adresse&#8220; field_type=&#8220;email&#8220; fullwidth_field=&#8220;on&#8220; _builder_version=&#8220;4.22.2&#8243; _module_preset=&#8220;default&#8220; global_colors_info=&#8220;{}&#8220; button_text_size__hover_enabled=&#8220;off&#8220; button_one_text_size__hover_enabled=&#8220;off&#8220; button_two_text_size__hover_enabled=&#8220;off&#8220; button_text_color__hover_enabled=&#8220;off&#8220; button_one_text_color__hover_enabled=&#8220;off&#8220; button_two_text_color__hover_enabled=&#8220;off&#8220; button_border_width__hover_enabled=&#8220;off&#8220; button_one_border_width__hover_enabled=&#8220;off&#8220; button_two_border_width__hover_enabled=&#8220;off&#8220; button_border_color__hover_enabled=&#8220;off&#8220; button_one_border_color__hover_enabled=&#8220;off&#8220; button_two_border_color__hover_enabled=&#8220;off&#8220; button_border_radius__hover_enabled=&#8220;off&#8220; button_one_border_radius__hover_enabled=&#8220;off&#8220; button_two_border_radius__hover_enabled=&#8220;off&#8220; button_letter_spacing__hover_enabled=&#8220;off&#8220; button_one_letter_spacing__hover_enabled=&#8220;off&#8220; button_two_letter_spacing__hover_enabled=&#8220;off&#8220; button_bg_color__hover_enabled=&#8220;off&#8220; button_one_bg_color__hover_enabled=&#8220;off&#8220; button_two_bg_color__hover_enabled=&#8220;off&#8220;][\/et_pb_contact_field][et_pb_contact_field field_id=&#8220;Message&#8220; field_title=&#8220;Nachricht&#8220; field_type=&#8220;text&#8220; fullwidth_field=&#8220;on&#8220; _builder_version=&#8220;4.22.2&#8243; _module_preset=&#8220;default&#8220; global_colors_info=&#8220;{}&#8220; button_text_size__hover_enabled=&#8220;off&#8220; button_one_text_size__hover_enabled=&#8220;off&#8220; button_two_text_size__hover_enabled=&#8220;off&#8220; button_text_color__hover_enabled=&#8220;off&#8220; button_one_text_color__hover_enabled=&#8220;off&#8220; button_two_text_color__hover_enabled=&#8220;off&#8220; button_border_width__hover_enabled=&#8220;off&#8220; button_one_border_width__hover_enabled=&#8220;off&#8220; button_two_border_width__hover_enabled=&#8220;off&#8220; button_border_color__hover_enabled=&#8220;off&#8220; button_one_border_color__hover_enabled=&#8220;off&#8220; button_two_border_color__hover_enabled=&#8220;off&#8220; button_border_radius__hover_enabled=&#8220;off&#8220; button_one_border_radius__hover_enabled=&#8220;off&#8220; button_two_border_radius__hover_enabled=&#8220;off&#8220; button_letter_spacing__hover_enabled=&#8220;off&#8220; button_one_letter_spacing__hover_enabled=&#8220;off&#8220; button_two_letter_spacing__hover_enabled=&#8220;off&#8220; button_bg_color__hover_enabled=&#8220;off&#8220; button_one_bg_color__hover_enabled=&#8220;off&#8220; button_two_bg_color__hover_enabled=&#8220;off&#8220;][\/et_pb_contact_field][\/et_pb_contact_form][\/et_pb_column][\/et_pb_row][\/et_pb_section][et_pb_section fb_built=&#8220;1&#8243; admin_label=&#8220;FAQ&#8220; _builder_version=&#8220;4.22.1&#8243; _module_preset=&#8220;default&#8220; background_color=&#8220;gcid-9ae412ef-a7ae-42a5-ab5b-f691fccab059&#8243; use_background_color_gradient=&#8220;on&#8220; background_color_gradient_type=&#8220;circular&#8220; background_color_gradient_stops=&#8220;#000000 0%|rgba(198,159,0,0.25) 100%&#8220; saved_tabs=&#8220;all&#8220; collapsed=&#8220;on&#8220; global_colors_info=&#8220;{%22gcid-9ae412ef-a7ae-42a5-ab5b-f691fccab059%22:%91%22background_color%22%93}&#8220;][et_pb_row column_structure=&#8220;1_3,2_3&#8243; _builder_version=&#8220;4.19.2&#8243; _module_preset=&#8220;default&#8220; global_colors_info=&#8220;{}&#8220;][et_pb_column type=&#8220;1_3&#8243; _builder_version=&#8220;4.19.2&#8243; _module_preset=&#8220;default&#8220; custom_padding_tablet=&#8220;||30px||false|false&#8220; custom_padding_phone=&#8220;&#8220; custom_padding_last_edited=&#8220;on|tablet&#8220; global_colors_info=&#8220;{}&#8220;][et_pb_text _builder_version=&#8220;4.19.2&#8243; _module_preset=&#8220;50bc9e74-fedd-4de7-aa65-4dca5eadaf46&#8243; custom_margin=&#8220;||10px||false|false&#8220; global_colors_info=&#8220;{}&#8220;]<\/p>\n<h3>H\u00e4ufig gestellte Fragen<\/h3>\n<p>[\/et_pb_text][et_pb_text _builder_version=&#8220;4.19.2&#8243; _module_preset=&#8220;a2ac6402-274b-48a9-8226-e0717b6b0faf&#8220; global_colors_info=&#8220;{}&#8220;]<\/p>\n<p>Die Beauftragung eines Verm\u00f6gensverwalters kann viele Bef\u00fcrchtungen und Fragen aufwerfen. Die Virtuo-Berater beantworten alle Ihre Fragen bei einem kostenlosen ersten Termin.<\/p>\n<p>[\/et_pb_text][et_pb_button button_url=&#8220;https:\/\/calendly.com\/virtuopatrimoinecharlinekopff&#8220; button_text=&#8220;Termin vereinbaren&#8220; _builder_version=&#8220;4.22.2&#8243; _module_preset=&#8220;670eaa75-d202-42e4-bf5b-b8cabb6eedd3&#8243; button_bg_color=&#8220;#C7B361&#8243; button_icon=&#8220;&#xf061;||fa||900&#8243; global_colors_info=&#8220;{}&#8220;][\/et_pb_button][\/et_pb_column][et_pb_column type=&#8220;2_3&#8243; _builder_version=&#8220;4.19.2&#8243; _module_preset=&#8220;default&#8220; global_colors_info=&#8220;{}&#8220;][et_pb_text _builder_version=&#8220;4.22.1&#8243; _module_preset=&#8220;76411c06-b73e-4fe8-bc54-7058d0341848&#8243; custom_margin=&#8220;||0px||false|false&#8220; global_colors_info=&#8220;{}&#8220;]<\/p>\n<h4>Warum sollten Sie einen Virtuo Verm\u00f6gensverwalter beauftragen?<\/h4>\n<p>[\/et_pb_text][et_pb_text _builder_version=&#8220;4.22.1&#8243; _module_preset=&#8220;a2ac6402-274b-48a9-8226-e0717b6b0faf&#8220; global_colors_info=&#8220;{}&#8220;]<\/p>\n<blockquote>\n<p>Die Verm\u00f6gensberater von Virtuo gehen speziell auf den 3-L\u00e4nder-Sektor ein, sei es bei Immobilieninvestitionen oder auch bei grenz\u00fcberschreitenden Steuerfragen.<\/p>\n<p>&nbsp;<\/p>\n<p><span>So profitieren Sie von der Erfahrung von Fachleuten, um Ihr Verm\u00f6gen aufzubauen, zu verbessern, zu erhalten und zu vererben.<\/span><\/p>\n<p><span><\/span><\/p>\n<p><span><\/span><\/p>\n<\/blockquote>\n<p>[\/et_pb_text][et_pb_text _builder_version=&#8220;4.22.1&#8243; _module_preset=&#8220;76411c06-b73e-4fe8-bc54-7058d0341848&#8243; custom_margin=&#8220;||0px||false|false&#8220; global_colors_info=&#8220;{}&#8220;]<\/p>\n<h4>Habe ich genug Geld, um einen Verm\u00f6gensverwalter zu beauftragen?<\/h4>\n<p>[\/et_pb_text][et_pb_text _builder_version=&#8220;4.22.1&#8243; _module_preset=&#8220;a2ac6402-274b-48a9-8226-e0717b6b0faf&#8220; global_colors_info=&#8220;{}&#8220;]<\/p>\n<blockquote>\n<p>Die Verwaltung Ihres Verm\u00f6gens beginnt mit seiner Schaffung. Die Beauftragung eines Verm\u00f6gensverwalters erm\u00f6glicht eine Bestandsaufnahme Ihrer Finanzen, Ihrer Ausgaben und der Hebel, die Ihnen f\u00fcr den Aufbau Ihres Verm\u00f6gens zur Verf\u00fcgung stehen.<\/p>\n<p>&nbsp;<\/p>\n<p>Das erste Treffen mit den Virtuo-Beratern in Saint-Louis ist kostenlos und dient dazu, Ihre Ziele besser zu verstehen oder Ihre Fragen zu beantworten.<\/p>\n<\/blockquote>\n<p>[\/et_pb_text][et_pb_text _builder_version=&#8220;4.22.1&#8243; _module_preset=&#8220;76411c06-b73e-4fe8-bc54-7058d0341848&#8243; custom_margin=&#8220;||0px||false|false&#8220; global_colors_info=&#8220;{}&#8220;]<\/p>\n<h4>Wie viel kosten die Dienste eines Verm\u00f6gensverwalters?<\/h4>\n<p>[\/et_pb_text][et_pb_text _builder_version=&#8220;4.22.1&#8243; _module_preset=&#8220;a2ac6402-274b-48a9-8226-e0717b6b0faf&#8220; global_colors_info=&#8220;{}&#8220;]<\/p>\n<blockquote>\n<p>Die Kosten f\u00fcr die Dienste eines Verm\u00f6gensverwalters lassen sich nicht in Form einer Pauschale oder Leistung quantifizieren, sondern mit einer Provision. Das Ziel eines Verm\u00f6gensberaters ist es, Ihnen Geld zu sparen oder zu verdienen. Aus dieser Ersparnis oder diesem Gewinn wird ein Verm\u00f6gensverwalter bezahlt.<\/p>\n<\/blockquote>\n<p>[\/et_pb_text][et_pb_text _builder_version=&#8220;4.22.1&#8243; _module_preset=&#8220;76411c06-b73e-4fe8-bc54-7058d0341848&#8243; custom_margin=&#8220;||0px||false|false&#8220; global_colors_info=&#8220;{}&#8220;]<\/p>\n<h4>Welche Garantien bietet mein Berater?<\/h4>\n<p>[\/et_pb_text][et_pb_text _builder_version=&#8220;4.22.1&#8243; _module_preset=&#8220;a2ac6402-274b-48a9-8226-e0717b6b0faf&#8220; global_colors_info=&#8220;{}&#8220;]<\/p>\n<blockquote>\n<p><span>Alexandre Harmuth ist diplomiert, akkreditiert und erfahrt, um Sie beim erfolgreichen Abschluss Ihrer Finanzprojekte zu begleiten.<\/span><\/p>\n<p>Ihre Beratung erm\u00f6glicht es Ihnen, fundierte und nachhaltige Investitionen zu t\u00e4tigen, die auf Ihre Situation und Ihre Risikotoleranz abgestimmt sind.<\/p>\n<\/blockquote>\n<p>[\/et_pb_text][\/et_pb_column][\/et_pb_row][\/et_pb_section]<\/p>\n","protected":false},"excerpt":{"rendered":"<p>Kontaktieren Sie unsAlexandre HarmuthBerater f\u00fcr Verm\u00f6gensverwaltung 06 64 83 25 00Auf Termin beim 2 rue Concorde in Saint-Louis 68300H\u00e4ufig gestellte FragenDie Beauftragung eines Verm\u00f6gensverwalters kann viele Bef\u00fcrchtungen und Fragen aufwerfen. Die Virtuo-Berater beantworten alle Ihre Fragen bei einem kostenlosen ersten Termin.Warum sollten Sie einen Virtuo Verm\u00f6gensverwalter beauftragen? Die Verm\u00f6gensberater von Virtuo gehen speziell auf den [&hellip;]<\/p>\n","protected":false},"author":1,"featured_media":0,"parent":0,"menu_order":0,"comment_status":"closed","ping_status":"closed","template":"","meta":{"_et_pb_use_builder":"on","_et_pb_old_content":"","_et_gb_content_width":"","footnotes":""},"class_list":["post-1466","page","type-page","status-publish","hentry"],"yoast_head":"<!-- This site is optimized with the Yoast SEO plugin v27.5 - https:\/\/yoast.com\/product\/yoast-seo-wordpress\/ -->\n<title>Terminvereinbarung mit bei Virtuo Patrimoine in Saint-Louis<\/title>\n<meta name=\"description\" content=\"Vereinbaren Sie \u00fcber Calendly oder telefonisch einen Termin mit einem Berater von Virtuo Patrimoine, um Ihre Finanzen und Pl\u00e4ne zu besprechen.\" \/>\n<meta name=\"robots\" content=\"index, follow, max-snippet:-1, max-image-preview:large, max-video-preview:-1\" \/>\n<link rel=\"canonical\" href=\"https:\/\/virtuopatrimoine.fr\/de\/kontakt\/\" \/>\n<meta property=\"og:locale\" content=\"de_DE\" \/>\n<meta property=\"og:type\" content=\"article\" \/>\n<meta property=\"og:title\" content=\"Terminvereinbarung mit bei Virtuo Patrimoine in Saint-Louis\" \/>\n<meta property=\"og:description\" content=\"Vereinbaren Sie \u00fcber Calendly oder telefonisch einen Termin mit einem Berater von Virtuo Patrimoine, um Ihre Finanzen und Pl\u00e4ne zu besprechen.\" \/>\n<meta property=\"og:url\" content=\"https:\/\/virtuopatrimoine.fr\/de\/kontakt\/\" \/>\n<meta property=\"og:site_name\" content=\"Virtuo Patrimoine\" \/>\n<meta property=\"article:modified_time\" content=\"2023-11-08T09:23:53+00:00\" \/>\n<meta name=\"twitter:card\" content=\"summary_large_image\" \/>\n<meta name=\"twitter:label1\" content=\"Gesch\u00e4tzte Lesezeit\" \/>\n\t<meta name=\"twitter:data1\" content=\"3\u00a0Minuten\" \/>\n<script type=\"application\/ld+json\" class=\"yoast-schema-graph\">{\"@context\":\"https:\\\/\\\/schema.org\",\"@graph\":[{\"@type\":\"WebPage\",\"@id\":\"https:\\\/\\\/virtuopatrimoine.fr\\\/de\\\/kontakt\\\/\",\"url\":\"https:\\\/\\\/virtuopatrimoine.fr\\\/de\\\/kontakt\\\/\",\"name\":\"Terminvereinbarung mit bei Virtuo Patrimoine in Saint-Louis\",\"isPartOf\":{\"@id\":\"https:\\\/\\\/virtuopatrimoine.fr\\\/de\\\/#website\"},\"datePublished\":\"2023-08-31T14:12:08+00:00\",\"dateModified\":\"2023-11-08T09:23:53+00:00\",\"description\":\"Vereinbaren Sie \u00fcber Calendly oder telefonisch einen Termin mit einem Berater von Virtuo Patrimoine, um Ihre Finanzen und Pl\u00e4ne zu besprechen.\",\"breadcrumb\":{\"@id\":\"https:\\\/\\\/virtuopatrimoine.fr\\\/de\\\/kontakt\\\/#breadcrumb\"},\"inLanguage\":\"de\",\"potentialAction\":[{\"@type\":\"ReadAction\",\"target\":[\"https:\\\/\\\/virtuopatrimoine.fr\\\/de\\\/kontakt\\\/\"]}]},{\"@type\":\"BreadcrumbList\",\"@id\":\"https:\\\/\\\/virtuopatrimoine.fr\\\/de\\\/kontakt\\\/#breadcrumb\",\"itemListElement\":[{\"@type\":\"ListItem\",\"position\":1,\"name\":\"Accueil\",\"item\":\"https:\\\/\\\/virtuopatrimoine.fr\\\/de\\\/\"},{\"@type\":\"ListItem\",\"position\":2,\"name\":\"Kontakt\"}]},{\"@type\":\"WebSite\",\"@id\":\"https:\\\/\\\/virtuopatrimoine.fr\\\/de\\\/#website\",\"url\":\"https:\\\/\\\/virtuopatrimoine.fr\\\/de\\\/\",\"name\":\"Virtuo Patrimoine\",\"description\":\"Au coeur des 3 fronti\u00e8res\",\"potentialAction\":[{\"@type\":\"SearchAction\",\"target\":{\"@type\":\"EntryPoint\",\"urlTemplate\":\"https:\\\/\\\/virtuopatrimoine.fr\\\/de\\\/?s={search_term_string}\"},\"query-input\":{\"@type\":\"PropertyValueSpecification\",\"valueRequired\":true,\"valueName\":\"search_term_string\"}}],\"inLanguage\":\"de\"}]}<\/script>\n<!-- \/ Yoast SEO plugin. -->","yoast_head_json":{"title":"Terminvereinbarung mit bei Virtuo Patrimoine in Saint-Louis","description":"Vereinbaren Sie \u00fcber Calendly oder telefonisch einen Termin mit einem Berater von Virtuo Patrimoine, um Ihre Finanzen und Pl\u00e4ne zu besprechen.","robots":{"index":"index","follow":"follow","max-snippet":"max-snippet:-1","max-image-preview":"max-image-preview:large","max-video-preview":"max-video-preview:-1"},"canonical":"https:\/\/virtuopatrimoine.fr\/de\/kontakt\/","og_locale":"de_DE","og_type":"article","og_title":"Terminvereinbarung mit bei Virtuo Patrimoine in Saint-Louis","og_description":"Vereinbaren Sie \u00fcber Calendly oder telefonisch einen Termin mit einem Berater von Virtuo Patrimoine, um Ihre Finanzen und Pl\u00e4ne zu besprechen.","og_url":"https:\/\/virtuopatrimoine.fr\/de\/kontakt\/","og_site_name":"Virtuo Patrimoine","article_modified_time":"2023-11-08T09:23:53+00:00","twitter_card":"summary_large_image","twitter_misc":{"Gesch\u00e4tzte Lesezeit":"3\u00a0Minuten"},"schema":{"@context":"https:\/\/schema.org","@graph":[{"@type":"WebPage","@id":"https:\/\/virtuopatrimoine.fr\/de\/kontakt\/","url":"https:\/\/virtuopatrimoine.fr\/de\/kontakt\/","name":"Terminvereinbarung mit bei Virtuo Patrimoine in Saint-Louis","isPartOf":{"@id":"https:\/\/virtuopatrimoine.fr\/de\/#website"},"datePublished":"2023-08-31T14:12:08+00:00","dateModified":"2023-11-08T09:23:53+00:00","description":"Vereinbaren Sie \u00fcber Calendly oder telefonisch einen Termin mit einem Berater von Virtuo Patrimoine, um Ihre Finanzen und Pl\u00e4ne zu besprechen.","breadcrumb":{"@id":"https:\/\/virtuopatrimoine.fr\/de\/kontakt\/#breadcrumb"},"inLanguage":"de","potentialAction":[{"@type":"ReadAction","target":["https:\/\/virtuopatrimoine.fr\/de\/kontakt\/"]}]},{"@type":"BreadcrumbList","@id":"https:\/\/virtuopatrimoine.fr\/de\/kontakt\/#breadcrumb","itemListElement":[{"@type":"ListItem","position":1,"name":"Accueil","item":"https:\/\/virtuopatrimoine.fr\/de\/"},{"@type":"ListItem","position":2,"name":"Kontakt"}]},{"@type":"WebSite","@id":"https:\/\/virtuopatrimoine.fr\/de\/#website","url":"https:\/\/virtuopatrimoine.fr\/de\/","name":"Virtuo Patrimoine","description":"Au coeur des 3 fronti\u00e8res","potentialAction":[{"@type":"SearchAction","target":{"@type":"EntryPoint","urlTemplate":"https:\/\/virtuopatrimoine.fr\/de\/?s={search_term_string}"},"query-input":{"@type":"PropertyValueSpecification","valueRequired":true,"valueName":"search_term_string"}}],"inLanguage":"de"}]}},"jetpack_sharing_enabled":true,"_links":{"self":[{"href":"https:\/\/virtuopatrimoine.fr\/de\/wp-json\/wp\/v2\/pages\/1466","targetHints":{"allow":["GET"]}}],"collection":[{"href":"https:\/\/virtuopatrimoine.fr\/de\/wp-json\/wp\/v2\/pages"}],"about":[{"href":"https:\/\/virtuopatrimoine.fr\/de\/wp-json\/wp\/v2\/types\/page"}],"author":[{"embeddable":true,"href":"https:\/\/virtuopatrimoine.fr\/de\/wp-json\/wp\/v2\/users\/1"}],"replies":[{"embeddable":true,"href":"https:\/\/virtuopatrimoine.fr\/de\/wp-json\/wp\/v2\/comments?post=1466"}],"version-history":[{"count":5,"href":"https:\/\/virtuopatrimoine.fr\/de\/wp-json\/wp\/v2\/pages\/1466\/revisions"}],"predecessor-version":[{"id":1689,"href":"https:\/\/virtuopatrimoine.fr\/de\/wp-json\/wp\/v2\/pages\/1466\/revisions\/1689"}],"wp:attachment":[{"href":"https:\/\/virtuopatrimoine.fr\/de\/wp-json\/wp\/v2\/media?parent=1466"}],"curies":[{"name":"wp","href":"https:\/\/api.w.org\/{rel}","templated":true}]}}